{"id":98,"date":"2020-02-24T10:30:17","date_gmt":"2020-02-24T10:30:17","guid":{"rendered":"http:\/\/www.semanticmountain.at\/colibri-wp\/"},"modified":"2020-03-06T13:14:19","modified_gmt":"2020-03-06T13:14:19","slug":"colibri-wp","status":"publish","type":"page","link":"https:\/\/www.semanticmountain.at\/en\/","title":{"rendered":"Front Page"},"content":{"rendered":"<div data-colibri-id=\"98-c1\" class=\"style-185 style-local-98-c1 position-relative\">\n  <!---->\n  <div data-colibri-component=\"section\" data-colibri-id=\"98-c2\" id=\"overlappable\" class=\"h-section h-section-global-spacing d-flex align-items-lg-center align-items-md-center align-items-center style-186 style-local-98-c2 position-relative\">\n    <!---->\n    <!---->\n    <div class=\"h-section-grid-container h-section-boxed-container\">\n      <!---->\n      <div data-colibri-id=\"98-c3\" class=\"h-row-container gutters-row-lg-2 gutters-row-md-0 gutters-row-2 gutters-row-v-lg-2 gutters-row-v-md-0 gutters-row-v-2 style-187 style-local-98-c3 position-relative\">\n        <!---->\n        <div class=\"h-row justify-content-lg-center justify-content-md-center justify-content-center align-items-lg-stretch align-items-md-stretch align-items-stretch gutters-col-lg-2 gutters-col-md-0 gutters-col-2 gutters-col-v-lg-2 gutters-col-v-md-0 gutters-col-v-2\">\n          <!---->\n          <div class=\"h-column h-column-container d-flex h-col-lg-4 h-col-md-4 h-col-12 style-188-outer style-local-98-c4-outer\">\n            <div data-colibri-id=\"98-c4\" class=\"d-flex h-flex-basis h-column__inner h-px-lg-2 h-px-md-3 h-px-2 v-inner-lg-0 v-inner-md-3 v-inner-2 style-188 style-local-98-c4 position-relative\">\n              <!---->\n              <!---->\n              <div class=\"w-100 h-y-container h-column__content h-column__v-align flex-basis-100 align-self-lg-start align-self-md-start align-self-start\">\n                <!---->\n                <div data-colibri-id=\"98-c5\" class=\"h-icon style-189 style-local-98-c5 position-relative h-element\">\n                  <!----><span class=\"h-svg-icon h-icon__icon style-189-icon style-local-98-c5-icon\"><!--Icon by Font Awesome (https:\/\/fontawesome.com)--><svg version=\"1.1\" xmlns=\"http:\/\/www.w3.org\/2000\/svg\" xmlns:xlink=\"http:\/\/www.w3.org\/1999\/xlink\" id=\"bullhorn\" viewBox=\"0 0 1792 1896.0833\"><path d=\"M1664 640q53 0 90.5 37.5T1792 768t-37.5 90.5T1664 896v384q0 52-38 90t-90 38q-417-347-812-380-58 19-91 66t-31 100.5 40 92.5q-20 33-23 65.5t6 58 33.5 55 48 50T768 1566q-29 58-111.5 83T488 1660.5 356 1605q-7-23-29.5-87.5t-32-94.5-23-89-15-101 3.5-98.5 22-110.5H160q-66 0-113-47T0 864V672q0-66 47-113t113-47h480q435 0 896-384 52 0 90 38t38 90v384zm-128 604V290q-394 302-768 343v270q377 42 768 341z\"><\/path><\/svg><\/span><\/div>\n                <div\n                  data-colibri-id=\"98-c6\" class=\"h-global-transition-all h-heading style-190 style-local-98-c6 position-relative h-element\">\n                  <!---->\n                  <!---->\n                  <h5 class=\"\">Ereignisse<\/h5>\n              <\/div>\n              <div data-colibri-id=\"98-c7\" class=\"h-text h-text-component style-191 style-local-98-c7 position-relative h-element\">\n                <!---->\n                <!---->\n                <div class=\"\">\n                  <p><span style=\"font-weight: 400; font-size: 16px; font-family: &quot;Open Sans&quot;; color: rgb(153, 153, 153);\">September 1841: Josef Schwab besteigt als Erster den Gro\u00dfvenediger. Juli 1864 Lucy Walker gelingt die Erstbesteigung des Balmhorns. Diese und andere alpinistische Ereignisse sind typisch f\u00fcr die Mitte des 19. Jahrhunderts, die ber\u00fchmten (Berg-)Namen lassen Herzen von Alpinist*innen noch heute h\u00f6her schlagen. Das \u201egoldene Zeitalter des Alpinismus\u201c ist in der Zeitschrift des Deutschen und \u00d6sterreichischen Alpenvereins \u00fcber 150 Jahre dokumentiert, die einzigartigen Texte wurden nun inhaltlich digital erschlossen. <\/span><\/p>\n                <\/div>\n              <\/div>\n            <\/div>\n          <\/div>\n        <\/div>\n        <div class=\"h-column h-column-container d-flex h-col-lg-4 h-col-md-4 h-col-12 style-188-outer style-local-98-c8-outer\">\n          <div data-colibri-id=\"98-c8\" class=\"d-flex h-flex-basis h-column__inner h-px-lg-2 h-px-md-3 h-px-2 v-inner-lg-0 v-inner-md-3 v-inner-2 style-188 style-local-98-c8 position-relative\">\n            <!---->\n            <!---->\n            <div class=\"w-100 h-y-container h-column__content h-column__v-align flex-basis-100 align-self-lg-start align-self-md-start align-self-start\">\n              <!---->\n              <div data-colibri-id=\"98-c9\" class=\"h-icon style-189 style-local-98-c9 position-relative h-element\">\n                <!----><span class=\"h-svg-icon h-icon__icon style-189-icon style-local-98-c9-icon\"><!--Icon by Socicon (http:\/\/www.socicon.com)--><svg version=\"1.1\" xmlns=\"http:\/\/www.w3.org\/2000\/svg\" viewBox=\"0 0 1500 1500\">\n\n<path d=\"M750 0c-307.617 0-559.57 251.953-559.57 559.57 0 2.93 0 5.859 0 8.789s0 2.93 0 2.93c0 2.93 0 2.93 0 5.859s0 2.93 0 5.859v0c14.648 407.227 439.453 916.992 439.453 916.992v-673.828c-146.484-67.383-210.938-240.234-146.484-383.789 67.383-149.414 240.234-213.867 383.789-146.484 146.484 64.453 213.867 237.305 146.484 383.789-32.227 76.172-96.68 128.906-172.852 158.203v275.391c304.688-49.805 509.766-336.914 459.961-644.531-41.016-269.531-275.391-468.75-550.781-468.75z\"><\/path>\n<\/svg>\n<\/span><\/div>\n              <div data-colibri-id=\"98-c10\" class=\"h-global-transition-all h-heading style-190 style-local-98-c10 position-relative h-element\">\n                <!---->\n                <!---->\n                <h5 class=\"\">ORTE<\/h5>\n              <\/div>\n              <div data-colibri-id=\"98-c11\" class=\"h-text h-text-component style-191 style-local-98-c11 position-relative h-element\">\n                <!---->\n                <!---->\n                <div class=\"\">\n                  <p>Besonders wichtig f\u00fcr Ereignisse sind die Orte an denen sie stattfinden oder zu denen sie einen Bezug haben.&nbsp;F\u00fcr das Projekt wurden geografische Daten aus unterschiedlichen Quellen in einem gro\u00dfen Gazetteer vereint. Die Namen f\u00fcr\n                    Orte werden mithilfe der eigens f\u00fcr das Projekt (weiter)entwickelten NER (named entity recognition) erkannt, und zwar auch Mehrwortnamen (z.B. Cima di Mezzo). Mithilfe des Gazetteers werden nun den Namen die richtigen Koordinaten zugewiesen.\n                    So erhalten wir Texte, die mit Informationen und Karten der &#8220;echten&#8221; Orte in der Welt&nbsp;verlinkt sind.<\/p>\n                <\/div>\n              <\/div>\n            <\/div>\n          <\/div>\n        <\/div>\n        <div class=\"h-column h-column-container d-flex h-col-lg-4 h-col-md-4 h-col-12 style-188-outer style-local-98-c12-outer\">\n          <div data-colibri-id=\"98-c12\" class=\"d-flex h-flex-basis h-column__inner h-px-lg-2 h-px-md-3 h-px-2 v-inner-lg-0 v-inner-md-3 v-inner-2 style-188 style-local-98-c12 position-relative\">\n            <!---->\n            <!---->\n            <div class=\"w-100 h-y-container h-column__content h-column__v-align flex-basis-100 align-self-lg-start align-self-md-start align-self-start\">\n              <!---->\n              <div data-colibri-id=\"98-c13\" class=\"h-icon style-189 style-local-98-c13 position-relative h-element\">\n                <!----><span class=\"h-svg-icon h-icon__icon style-189-icon style-local-98-c13-icon\"><!--Icon by Font Awesome (https:\/\/fontawesome.com)--><svg version=\"1.1\" xmlns=\"http:\/\/www.w3.org\/2000\/svg\" xmlns:xlink=\"http:\/\/www.w3.org\/1999\/xlink\" id=\"user\" viewBox=\"0 0 1354.8114 1896.0833\"><path d=\"M1280 1399q0 109-62.5 187t-150.5 78H213q-88 0-150.5-78T0 1399q0-85 8.5-160.5t31.5-152 58.5-131 94-89T327 832q131 128 313 128t313-128q76 0 134.5 34.5t94 89 58.5 131 31.5 152 8.5 160.5zm-256-887q0 159-112.5 271.5T640 896 368.5 783.5 256 512t112.5-271.5T640 128t271.5 112.5T1024 512z\"><\/path><\/svg><\/span><\/div>\n              <div\n                data-colibri-id=\"98-c14\" class=\"h-global-transition-all h-heading style-190 style-local-98-c14 position-relative h-element\">\n                <!---->\n                <!---->\n                <h5 class=\"\">Personen<\/h5>\n            <\/div>\n            <div data-colibri-id=\"98-c15\" class=\"h-text h-text-component style-191 style-local-98-c15 position-relative h-element\">\n              <!---->\n              <!---->\n              <div class=\"\">\n                <p>Die handelnden Personen in Ereignissen sind ebenso zentral wie die Orte.&nbsp;Diese in Texten automatisch zu erkennen ist eine Herausforderung. Das Projekt hat verschiedene Methoden (u.a. rule-based, machine learning) verwendet, um Personenverzeichnisse\n                  herzustellen und zusammenzuf\u00fchren und f\u00fcr die automatische Erkennung von Personen in den alpinistischen Texten nutzbar gemacht.&nbsp;<\/p>\n              <\/div>\n            <\/div>\n          <\/div>\n        <\/div>\n      <\/div>\n    <\/div>\n  <\/div>\n<\/div>\n<\/div>\n<\/div>","protected":false},"excerpt":{"rendered":"<p>Ereignisse September 1841: Josef Schwab besteigt als Erster den Gro\u00dfvenediger. Juli 1864 Lucy Walker gelingt die Erstbesteigung des Balmhorns. Diese und andere alpinistische Ereignisse sind typisch f\u00fcr die Mitte des 19. Jahrhunderts, die ber\u00fchmten (Berg-)Namen lassen Herzen von Alpinist*innen noch heute h\u00f6her schlagen. Das \u201egoldene Zeitalter des Alpinismus\u201c ist in der Zeitschrift des Deutschen und [&hellip;]<\/p>\n","protected":false},"author":1,"featured_media":0,"parent":0,"menu_order":0,"comment_status":"closed","ping_status":"closed","template":"page-templates\/homepage.php","meta":[],"translation":{"provider":"WPGlobus","version":"3.0.0","language":"en","enabled_languages":["de","en"],"languages":{"de":{"title":true,"content":true,"excerpt":false},"en":{"title":false,"content":false,"excerpt":false}}},"_links":{"self":[{"href":"https:\/\/www.semanticmountain.at\/en\/wp-json\/wp\/v2\/pages\/98"}],"collection":[{"href":"https:\/\/www.semanticmountain.at\/en\/wp-json\/wp\/v2\/pages"}],"about":[{"href":"https:\/\/www.semanticmountain.at\/en\/wp-json\/wp\/v2\/types\/page"}],"author":[{"embeddable":true,"href":"https:\/\/www.semanticmountain.at\/en\/wp-json\/wp\/v2\/users\/1"}],"replies":[{"embeddable":true,"href":"https:\/\/www.semanticmountain.at\/en\/wp-json\/wp\/v2\/comments?post=98"}],"version-history":[{"count":20,"href":"https:\/\/www.semanticmountain.at\/en\/wp-json\/wp\/v2\/pages\/98\/revisions"}],"predecessor-version":[{"id":472,"href":"https:\/\/www.semanticmountain.at\/en\/wp-json\/wp\/v2\/pages\/98\/revisions\/472"}],"wp:attachment":[{"href":"https:\/\/www.semanticmountain.at\/en\/wp-json\/wp\/v2\/media?parent=98"}],"curies":[{"name":"wp","href":"https:\/\/api.w.org\/{rel}","templated":true}]}}