{"id":75,"date":"2020-02-24T10:09:05","date_gmt":"2020-02-24T10:09:05","guid":{"rendered":"http:\/\/www.semanticmountain.at\/?page_id=75"},"modified":"2020-03-11T09:51:38","modified_gmt":"2020-03-11T09:51:38","slug":"unsere-partnerinnen","status":"publish","type":"page","link":"https:\/\/www.semanticmountain.at\/en\/unsere-partnerinnen\/","title":{"rendered":"Partner*innen"},"content":{"rendered":"\n<h4>\u00d6sterreichischer Alpenverein, Museum und Archiv<\/h4>\n\n\n\n<p>Martin Achrainer, Veronika Raich<br>Olympiastra\u00dfe 37, 6020 Innsbruck<br><a href=\"https:\/\/www.alpenverein.at\/portal\/museum-archiv\/index.php\">&gt; Homepage<\/a><\/p>\n\n\n\n<h4>Alpinb\u00fccherei Innsbruck<\/h4>\n\n\n\n<p>Klaus Oberhuber<br>Meinhardstra\u00dfe 7-11, 6020 Innsbruck<br><a href=\"https:\/\/alpenverein.web-opac.at\/index.php?path=search\" target=\"_blank\" rel=\"noreferrer noopener\" aria-label=\" (\u00f6ffnet in neuem Tab)\">&gt; Homepage<\/a><\/p>\n\n\n\n<h4>text&amp;berg<\/h4>\n\n\n\n<p>Phillip Str\u00f6bel, Noah Bubenhofer, Martin Volk<br>Universit\u00e4t Z\u00fcrich, Institut f\u00fcr Computerlinguistik<br><a href=\"http:\/\/textberg.ch\/\" target=\"_blank\" rel=\"noreferrer noopener\" aria-label=\" (\u00f6ffnet in neuem Tab)\">> Homepage<\/a><\/p>\n\n\n\n<h4>Abteilung Digitalisierung &amp; Elektronische Archivierung (DEA)<\/h4>\n\n\n\n<p>G\u00fcnter M\u00fchlberger et al.<br>Universit\u00e4t Innsbruck, Institut f\u00fcr Germanistik<br><a href=\"https:\/\/www.uibk.ac.at\/germanistik\/einrichtungen\/dea.html\" target=\"_blank\" rel=\"noreferrer noopener\" aria-label=\" (\u00f6ffnet in neuem Tab)\">> Homepage<\/a><\/p>\n\n\n\n<h4>READ Recognition and Enrichment of Archival Documents <\/h4>\n\n\n\n<p>Universit\u00e4t Innsbruck<br><a href=\"https:\/\/read.transkribus.eu\/about\/\" target=\"_blank\" rel=\"noreferrer noopener\" aria-label=\" (\u00f6ffnet in neuem Tab)\">&gt; Homepage<\/a><\/p>\n\n\n\n<h4>Databases and Informations Systems<\/h4>\n\n\n\n<p>Eva Zangerle<br>Universit\u00e4t Innsbruck, Institut f\u00fcr Informatik<br><a href=\"https:\/\/dbis-informatik.uibk.ac.at\/zangerle\" target=\"_blank\" rel=\"noreferrer noopener\" aria-label=\" (\u00f6ffnet in neuem Tab)\">> Homepage<\/a><\/p>\n\n\n\n<h4>Laboratoire d\u2019Analyse Statistique des Langues Anciennes (LASLA)<\/h4>\n\n\n\n<p>Dominique Longr\u00e9e<br>D\u00e9partement des Sciences de l\u2019Antiquit\u00e9, Universit\u00e9 de Li\u00e8ge<br><a href=\"http:\/\/web.philo.ulg.ac.be\/lasla\/actualites-et-colloques\/\">> H<\/a><a href=\"http:\/\/web.philo.ulg.ac.be\/lasla\/\" target=\"_blank\" rel=\"noreferrer noopener\" aria-label=\" (\u00f6ffnet in neuem Tab)\">omepage<\/a><\/p>\n\n\n\n<h4>UMR 7320 : Bases, Corpus, Langage<\/h4>\n\n\n\n<p>Laurent Vanni<br>Universit\u00e9 Nice Sophia-Antipolis<br><a href=\"http:\/\/bcl.cnrs.fr\/rubrique262\" target=\"_blank\" rel=\"noreferrer noopener\" aria-label=\" (\u00f6ffnet in neuem Tab)\">> Homepage<\/a><\/p>\n\n\n\n<h4>ACHD \u2013 Austrian Center for Digital Humanities<\/h4>\n\n\n\n<p>\u00d6sterreichische Akademie der Wissenschaften, Wien<br><a href=\"https:\/\/www.oeaw.ac.at\/acdh\/acdh-home\/\" target=\"_blank\" rel=\"noreferrer noopener\" aria-label=\" (\u00f6ffnet in neuem Tab)\">> Homepage<\/a><\/p>\n","protected":false},"excerpt":{"rendered":"<p>\u00d6sterreichischer Alpenverein, Museum und Archiv Martin Achrainer, Veronika RaichOlympiastra\u00dfe 37, 6020 Innsbruck&gt; Homepage Alpinb\u00fccherei Innsbruck Klaus OberhuberMeinhardstra\u00dfe 7-11, 6020 Innsbruck&gt; Homepage text&amp;berg Phillip Str\u00f6bel, Noah Bubenhofer, Martin VolkUniversit\u00e4t Z\u00fcrich, Institut f\u00fcr Computerlinguistik> Homepage Abteilung Digitalisierung &amp; Elektronische Archivierung (DEA) G\u00fcnter M\u00fchlberger et al.Universit\u00e4t Innsbruck, Institut f\u00fcr Germanistik> Homepage READ Recognition and Enrichment of Archival Documents [&hellip;]<\/p>\n","protected":false},"author":1,"featured_media":0,"parent":0,"menu_order":0,"comment_status":"closed","ping_status":"closed","template":"","meta":[],"translation":{"provider":"WPGlobus","version":"3.0.0","language":"en","enabled_languages":["de","en"],"languages":{"de":{"title":true,"content":true,"excerpt":false},"en":{"title":false,"content":false,"excerpt":false}}},"_links":{"self":[{"href":"https:\/\/www.semanticmountain.at\/en\/wp-json\/wp\/v2\/pages\/75"}],"collection":[{"href":"https:\/\/www.semanticmountain.at\/en\/wp-json\/wp\/v2\/pages"}],"about":[{"href":"https:\/\/www.semanticmountain.at\/en\/wp-json\/wp\/v2\/types\/page"}],"author":[{"embeddable":true,"href":"https:\/\/www.semanticmountain.at\/en\/wp-json\/wp\/v2\/users\/1"}],"replies":[{"embeddable":true,"href":"https:\/\/www.semanticmountain.at\/en\/wp-json\/wp\/v2\/comments?post=75"}],"version-history":[{"count":7,"href":"https:\/\/www.semanticmountain.at\/en\/wp-json\/wp\/v2\/pages\/75\/revisions"}],"predecessor-version":[{"id":521,"href":"https:\/\/www.semanticmountain.at\/en\/wp-json\/wp\/v2\/pages\/75\/revisions\/521"}],"wp:attachment":[{"href":"https:\/\/www.semanticmountain.at\/en\/wp-json\/wp\/v2\/media?parent=75"}],"curies":[{"name":"wp","href":"https:\/\/api.w.org\/{rel}","templated":true}]}}