{"id":460,"date":"2020-03-06T12:48:51","date_gmt":"2020-03-06T12:48:51","guid":{"rendered":"http:\/\/www.semanticmountain.at\/?page_id=460"},"modified":"2020-03-11T08:39:31","modified_gmt":"2020-03-11T08:39:31","slug":"brigit-danthine","status":"publish","type":"page","link":"https:\/\/www.semanticmountain.at\/en\/brigit-danthine\/","title":{"rendered":"Brigit Danthine"},"content":{"rendered":"\n<h3>Zur Person<\/h3>\n\n\n\n<p><a href=\"https:\/\/www.uibk.ac.at\/projects\/ord4mining-archaeo\/people.html.de\">Universit\u00e4tsseite<\/a><br><a href=\"https:\/\/orcid.org\/0000-0002-4088-255X\">ORCID<\/a><br><a href=\"https:\/\/uibk.academia.edu\/BrigitDanthine\">Academia<\/a><\/p>\n\n\n\n<div class=\"wp-block-image\"><figure class=\"alignright size-large\"><img loading=\"lazy\" width=\"130\" height=\"170\" src=\"http:\/\/www.semanticmountain.at\/wp-content\/uploads\/2020\/03\/drigithbanthine-1.jpg\" alt=\"\" class=\"wp-image-491\"\/><\/figure><\/div>\n\n\n\n<h3>aktuelle Projekte<\/h3>\n\n\n\n<p><a href=\"https:\/\/www.uibk.ac.at\/projects\/inf-integ4pre-min-archaeo\/index.html.de\">Information Integration for Prehistoric Mining Archaeology<\/a><br><a href=\"https:\/\/www.uibk.ac.at\/projects\/ord4mining-archaeo\/index.html.de\">Open Research Data for Mining Archaeology<\/a><br><a href=\"https:\/\/www.uibk.ac.at\/projects\/monte-iato\/mapping_the_unknown\/index.html.de\">Mapping the Unknown <\/a><br>Daten neu verkn\u00fcpfen: ontologische und semantische Transformationen der Inventare-Datenbank &#8216;RaumOrdnungen&#8217; f\u00fcr das gemeinsame INVENTARIA-FWF-Projekt und zur Vorbereitung f\u00fcr den Ingest in das dhPLUS -Repository.<\/p>\n\n\n\n<h3>Spezialgebiete<\/h3>\n\n\n\n<p>Arch\u00e4oinformatik <br>Digitale Grabungsdokumentation<br>GIS<br>3D (z.B. Photogrammetrie)<br>Arch\u00e4ologische Informationsmodellierung<\/p>\n","protected":false},"excerpt":{"rendered":"<p>Zur Person Universit\u00e4tsseiteORCIDAcademia aktuelle Projekte Information Integration for Prehistoric Mining ArchaeologyOpen Research Data for Mining ArchaeologyMapping the Unknown Daten neu verkn\u00fcpfen: ontologische und semantische Transformationen der Inventare-Datenbank &#8216;RaumOrdnungen&#8217; f\u00fcr das gemeinsame INVENTARIA-FWF-Projekt und zur Vorbereitung f\u00fcr den Ingest in das dhPLUS -Repository. Spezialgebiete Arch\u00e4oinformatik Digitale GrabungsdokumentationGIS3D (z.B. Photogrammetrie)Arch\u00e4ologische Informationsmodellierung<\/p>\n","protected":false},"author":1,"featured_media":0,"parent":0,"menu_order":0,"comment_status":"closed","ping_status":"closed","template":"","meta":[],"translation":{"provider":"WPGlobus","version":"3.0.0","language":"en","enabled_languages":["de","en"],"languages":{"de":{"title":true,"content":true,"excerpt":false},"en":{"title":false,"content":false,"excerpt":false}}},"_links":{"self":[{"href":"https:\/\/www.semanticmountain.at\/en\/wp-json\/wp\/v2\/pages\/460"}],"collection":[{"href":"https:\/\/www.semanticmountain.at\/en\/wp-json\/wp\/v2\/pages"}],"about":[{"href":"https:\/\/www.semanticmountain.at\/en\/wp-json\/wp\/v2\/types\/page"}],"author":[{"embeddable":true,"href":"https:\/\/www.semanticmountain.at\/en\/wp-json\/wp\/v2\/users\/1"}],"replies":[{"embeddable":true,"href":"https:\/\/www.semanticmountain.at\/en\/wp-json\/wp\/v2\/comments?post=460"}],"version-history":[{"count":5,"href":"https:\/\/www.semanticmountain.at\/en\/wp-json\/wp\/v2\/pages\/460\/revisions"}],"predecessor-version":[{"id":494,"href":"https:\/\/www.semanticmountain.at\/en\/wp-json\/wp\/v2\/pages\/460\/revisions\/494"}],"wp:attachment":[{"href":"https:\/\/www.semanticmountain.at\/en\/wp-json\/wp\/v2\/media?parent=460"}],"curies":[{"name":"wp","href":"https:\/\/api.w.org\/{rel}","templated":true}]}}