{"id":356,"date":"2020-02-27T09:58:25","date_gmt":"2020-02-27T09:58:25","guid":{"rendered":"http:\/\/www.semanticmountain.at\/?page_id=356"},"modified":"2020-03-11T09:23:25","modified_gmt":"2020-03-11T09:23:25","slug":"toc","status":"publish","type":"page","link":"https:\/\/www.semanticmountain.at\/en\/toc\/","title":{"rendered":"TOC &#8211; Table of Contents"},"content":{"rendered":"\n<p>Das Inhaltsverzeichnis der B\u00e4nde der Zeitschrift des Alpenvereins stellt nat\u00fcrlich eine au\u00dferordentlich wichtige Quelle f\u00fcr die Named Entity Recognition (NER) und das Named Entity Linking (NEL) dar. F\u00fcr das Projekt wurde ein Gesamtverzeichnis aller 3.426 im Korpus vorhandenen Artikel erstellt, welches zudem mit dem hervorragend verschlagworteten Verzeichnis der <a href=\"https:\/\/www.alpenverein.at\/innsbruck\/bibliothek\/online_bibliothek.php\">Alpinb\u00fccherei <\/a>(Bibliothek des Alpenvereins, Klaus Oberhuber) abgeglichen und kombiniert wurde. <\/p>\n\n\n\n<div class=\"wp-container-1 wp-block-group has-background\" style=\"background-color:#daeaf2\"><div class=\"wp-block-group__inner-container\">\n<p>Die resultierende Datenbank enth\u00e4lt<\/p>\n\n\n\n<ul><li>eine unverwechselbare Artikel-ID<\/li><li>den Titel des Artikels<\/li><li>Informationen \u00fcber die Autor*innen: Name(n): die vorher abgek\u00fcrzten Namen wurden recherchiert und wo m\u00f6glich aufgel\u00f6st, mit bekannten Kurz- oder Kosenamen verkn\u00fcpft und enthalten alternative Schreibungen; Geschlecht; Akademische oder Adelstitel; externe Verlinkung zu Informationsquellen \u00fcber die Person im Internet (wo m\u00f6glich);<\/li><li>Startseite des Artikels<\/li><li>Zuweisung zu einer Kernregion<\/li><li>Referenz zur ID im <a href=\"http:\/\/www.semanticmountain.at\/gazetteers\/\">Gazetteer<\/a><\/li><li>Ortsbezeichnung und Koordinaten<\/li><li>eines oder mehrere inhaltsbezogene Schlagworte<\/li><\/ul>\n<\/div><\/div>\n\n\n\n<p>Die 28.558 Schlagw\u00f6rter der 3.426 Artikel wurden aufgesplittet und kategorisiert, um Personen und Orte herausfiltern zu k\u00f6nnen. So konnten beispielsweise Autor*innen-Informationen aus dem Autor*innenverzeichnis sowie den Schlagworten f\u00fcr den Personenthesaurus verwendet werden. <\/p>\n","protected":false},"excerpt":{"rendered":"<p>Das Inhaltsverzeichnis der B\u00e4nde der Zeitschrift des Alpenvereins stellt nat\u00fcrlich eine au\u00dferordentlich wichtige Quelle f\u00fcr die Named Entity Recognition (NER) und das Named Entity Linking (NEL) dar. F\u00fcr das Projekt wurde ein Gesamtverzeichnis aller 3.426 im Korpus vorhandenen Artikel erstellt, welches zudem mit dem hervorragend verschlagworteten Verzeichnis der Alpinb\u00fccherei (Bibliothek des Alpenvereins, Klaus Oberhuber) abgeglichen [&hellip;]<\/p>\n","protected":false},"author":1,"featured_media":0,"parent":0,"menu_order":0,"comment_status":"closed","ping_status":"closed","template":"","meta":[],"translation":{"provider":"WPGlobus","version":"3.0.0","language":"en","enabled_languages":["de","en"],"languages":{"de":{"title":true,"content":true,"excerpt":false},"en":{"title":false,"content":false,"excerpt":false}}},"_links":{"self":[{"href":"https:\/\/www.semanticmountain.at\/en\/wp-json\/wp\/v2\/pages\/356"}],"collection":[{"href":"https:\/\/www.semanticmountain.at\/en\/wp-json\/wp\/v2\/pages"}],"about":[{"href":"https:\/\/www.semanticmountain.at\/en\/wp-json\/wp\/v2\/types\/page"}],"author":[{"embeddable":true,"href":"https:\/\/www.semanticmountain.at\/en\/wp-json\/wp\/v2\/users\/1"}],"replies":[{"embeddable":true,"href":"https:\/\/www.semanticmountain.at\/en\/wp-json\/wp\/v2\/comments?post=356"}],"version-history":[{"count":5,"href":"https:\/\/www.semanticmountain.at\/en\/wp-json\/wp\/v2\/pages\/356\/revisions"}],"predecessor-version":[{"id":509,"href":"https:\/\/www.semanticmountain.at\/en\/wp-json\/wp\/v2\/pages\/356\/revisions\/509"}],"wp:attachment":[{"href":"https:\/\/www.semanticmountain.at\/en\/wp-json\/wp\/v2\/media?parent=356"}],"curies":[{"name":"wp","href":"https:\/\/api.w.org\/{rel}","templated":true}]}}