{"id":321,"date":"2020-02-25T13:02:31","date_gmt":"2020-02-25T13:02:31","guid":{"rendered":"http:\/\/www.semanticmountain.at\/?page_id=321"},"modified":"2020-02-27T08:24:59","modified_gmt":"2020-02-27T08:24:59","slug":"lichtbilderverzeichnis","status":"publish","type":"page","link":"https:\/\/www.semanticmountain.at\/en\/lichtbilderverzeichnis\/","title":{"rendered":"Lichtbilderverzeichnis"},"content":{"rendered":"\n<p>Die Digitalisierung des sogenannten Lichtbilderverzeichnis&#8217; des Alpenvereins, das sind 5 B\u00e4nde aus den Jahren 1927\/28, 1931, 1935, 1936, 1941 war einer der ersten Schritte im Projekt SEMOHI. Das Lichtbilderverzeichnis ist ein Verzeichnis mit Beschreibungen von \u00fcber 32.000 Fotos, die in mehreren Alben im Archiv des Alpenvereins lagern. Etwa 85% der Fotos stellen im weitesten Sinn <em>Orte<\/em> dar. Die Verzeichnisse wurden gescannt und der darin enthaltene Text erkannt (OCR) sowie in einem strukturierten Format gespeichert, welches mittels Datenbank bzw. Triple Store verwaltbar ist. <\/p>\n\n\n\n<p>Es musste zwischen den Objekten, die im LBV dokumentiert sind unterschieden werden, sowie Unique Identifies f\u00fcr die individuellen Eintr\u00e4ge vergeben werden. Die Fotos sind nummeriert, haben eine Beschreibung, sind einer Sachkategorie zugeordnet, sowie hierarchisierten Gebieten (Gro\u00dfgebiet, Gebiet, Untergebiet, ggf. Untergebiet 2). Die Orte und Regionen des LBV wurden f\u00fcr die Erstellung des Ortsthesaurus verwendet. Dem Alpenverein wurde die vollumf\u00e4ngliche Datenbank \u00fcbermittelt, die nun f\u00fcr die archivierten, historischen Bilder zur Verf\u00fcgung steht.<\/p>\n\n\n\n<figure class=\"wp-block-image size-large\"><img loading=\"lazy\" width=\"1004\" height=\"466\" src=\"http:\/\/www.semanticmountain.at\/wp-content\/uploads\/2020\/02\/LBV.png\" alt=\"\" class=\"wp-image-347\" srcset=\"https:\/\/www.semanticmountain.at\/wp-content\/uploads\/2020\/02\/LBV.png 1004w, https:\/\/www.semanticmountain.at\/wp-content\/uploads\/2020\/02\/LBV-300x139.png 300w, https:\/\/www.semanticmountain.at\/wp-content\/uploads\/2020\/02\/LBV-768x356.png 768w\" sizes=\"(max-width: 1004px) 100vw, 1004px\" \/><figcaption>LBV 1927\/28<\/figcaption><\/figure>\n\n\n\n<p><\/p>\n","protected":false},"excerpt":{"rendered":"<p>Die Digitalisierung des sogenannten Lichtbilderverzeichnis&#8217; des Alpenvereins, das sind 5 B\u00e4nde aus den Jahren 1927\/28, 1931, 1935, 1936, 1941 war einer der ersten Schritte im Projekt SEMOHI. Das Lichtbilderverzeichnis ist ein Verzeichnis mit Beschreibungen von \u00fcber 32.000 Fotos, die in mehreren Alben im Archiv des Alpenvereins lagern. Etwa 85% der Fotos stellen im weitesten Sinn [&hellip;]<\/p>\n","protected":false},"author":1,"featured_media":0,"parent":0,"menu_order":0,"comment_status":"closed","ping_status":"closed","template":"","meta":[],"translation":{"provider":"WPGlobus","version":"3.0.0","language":"en","enabled_languages":["de","en"],"languages":{"de":{"title":true,"content":true,"excerpt":false},"en":{"title":false,"content":false,"excerpt":false}}},"_links":{"self":[{"href":"https:\/\/www.semanticmountain.at\/en\/wp-json\/wp\/v2\/pages\/321"}],"collection":[{"href":"https:\/\/www.semanticmountain.at\/en\/wp-json\/wp\/v2\/pages"}],"about":[{"href":"https:\/\/www.semanticmountain.at\/en\/wp-json\/wp\/v2\/types\/page"}],"author":[{"embeddable":true,"href":"https:\/\/www.semanticmountain.at\/en\/wp-json\/wp\/v2\/users\/1"}],"replies":[{"embeddable":true,"href":"https:\/\/www.semanticmountain.at\/en\/wp-json\/wp\/v2\/comments?post=321"}],"version-history":[{"count":2,"href":"https:\/\/www.semanticmountain.at\/en\/wp-json\/wp\/v2\/pages\/321\/revisions"}],"predecessor-version":[{"id":348,"href":"https:\/\/www.semanticmountain.at\/en\/wp-json\/wp\/v2\/pages\/321\/revisions\/348"}],"wp:attachment":[{"href":"https:\/\/www.semanticmountain.at\/en\/wp-json\/wp\/v2\/media?parent=321"}],"curies":[{"name":"wp","href":"https:\/\/api.w.org\/{rel}","templated":true}]}}