{"id":319,"date":"2020-02-25T13:02:15","date_gmt":"2020-02-25T13:02:15","guid":{"rendered":"http:\/\/www.semanticmountain.at\/?page_id=319"},"modified":"2020-05-15T13:13:04","modified_gmt":"2020-05-15T13:13:04","slug":"gazetteers","status":"publish","type":"page","link":"https:\/\/www.semanticmountain.at\/en\/gazetteers\/","title":{"rendered":"Gazetteers"},"content":{"rendered":"\n<p>Um einen verwendbaren lokalen Thesaurus f\u00fcr das Projekt herzustellen, wurden unterschiedliche Gazetteers mit verschiedenen Raumdimensionen und unterschiedlicher Namen\/Ortsdichte zusammengef\u00fchrt.<\/p>\n\n\n\n<blockquote class=\"wp-block-quote has-text-align-right\"><p>A Gazetteer is a reference work that lists the towns and communities of a larger or smaller region. <em> <\/em><\/p><cite><a href=\"https:\/\/de.wikipedia.org\/wiki\/Ortslexikon\">wikipedia<\/a><\/cite><\/blockquote>\n\n\n\n<p>Die Daten stammen einerseits aus dem Bundesamt f\u00fcr Eich- und Vermessungswesen, aus den Karten des Alpenvereins, dem Projekt Flurnamendokumentation Tirol und aus frei zug\u00e4nglichen Internetquellen wie GeoNames, Wikidata und OpenStreetMap (OSM). Jede dieser Quellen verwendet eine eigene Klassentypologie (z.B. Bergname, Flussname, Siedlungsname, etc.), von nur 19 Kategorien (AV-Karten) bis zu \u00fcber 1700 Kategorien (OSM). Um die Thesauri vergleichbar zu machen, ist es daher notwendig, eine konsolidierte, \u00fcbergeordnete Hierarchie zu schaffen (Unified Features Class Thesaurus). Um relevante Klassen aus den Thesauri zu identifizieren, wurden die ontologischen Kriterien des CIDOC-CRM und seiner Erweiterung CRMgeo verwendet. Dar\u00fcber hinaus wurden die am h\u00f6chsten aufgelisteten Kategorien des DARIAH Backbone Thesaurus aufgenommen.<\/p>\n\n\n\n<figure class=\"wp-block-image size-large\"><img loading=\"lazy\" width=\"1024\" height=\"490\" src=\"http:\/\/www.semanticmountain.at\/wp-content\/uploads\/2020\/02\/abb1-1-1024x490.png\" alt=\"\" class=\"wp-image-349\" srcset=\"https:\/\/www.semanticmountain.at\/wp-content\/uploads\/2020\/02\/abb1-1-1024x490.png 1024w, https:\/\/www.semanticmountain.at\/wp-content\/uploads\/2020\/02\/abb1-1-300x143.png 300w, https:\/\/www.semanticmountain.at\/wp-content\/uploads\/2020\/02\/abb1-1-768x367.png 768w, https:\/\/www.semanticmountain.at\/wp-content\/uploads\/2020\/02\/abb1-1.png 1535w\" sizes=\"(max-width: 1024px) 100vw, 1024px\" \/><figcaption>entries of all above mentioned thesauri<\/figcaption><\/figure>\n\n\n\n<p>So wurden alle diese Amtsbl\u00e4tter in einem gro\u00dfen Amtsblatt zusammengefasst und ein Thesaurus der Seitentypen erstellt. Er enth\u00e4lt 3,57 Millionen Ortsnamen aus 6 Quellen mit alternativen Namen sowie Ortsnamen-Duplikate f\u00fcr F\u00e4lle, in denen verschiedene Quellen die gleichen Orte erw\u00e4hnen. F\u00fcr Ortsnamen au\u00dferhalb \u00d6sterreichs wurden vorerst nur die Namen spezifischer Ortstypen integriert (vor allem wegen teilweise schwer zug\u00e4nglicher Daten). Es ist geplant, in Zukunft weitere Ortsverzeichnisse zu integrieren, um Orte ausserhalb \u00d6sterreichs zuverl\u00e4ssig verbinden zu k\u00f6nnen.<\/p>\n\n\n\n<p><\/p>\n\n\n\n<p>Der fusionierte Gazetteer wurde zun\u00e4chst zur manuellen Identifizierung der sogenannten Goldstandard-Artikel und sp\u00e4ter zur automatischen Namenserkennung und -verkn\u00fcpfung (NER und NEL) verwendet.<\/p>\n","protected":false},"excerpt":{"rendered":"<p>Um einen verwendbaren lokalen Thesaurus f\u00fcr das Projekt herzustellen, wurden unterschiedliche Gazetteers mit verschiedenen Raumdimensionen und unterschiedlicher Namen\/Ortsdichte zusammengef\u00fchrt. A Gazetteer is a reference work that lists the towns and communities of a larger or smaller region. wikipedia Die Daten stammen einerseits aus dem Bundesamt f\u00fcr Eich- und Vermessungswesen, aus den Karten des Alpenvereins, dem [&hellip;]<\/p>\n","protected":false},"author":1,"featured_media":0,"parent":0,"menu_order":0,"comment_status":"closed","ping_status":"closed","template":"","meta":[],"translation":{"provider":"WPGlobus","version":"3.0.0","language":"en","enabled_languages":["de","en"],"languages":{"de":{"title":true,"content":true,"excerpt":false},"en":{"title":false,"content":false,"excerpt":false}}},"_links":{"self":[{"href":"https:\/\/www.semanticmountain.at\/en\/wp-json\/wp\/v2\/pages\/319"}],"collection":[{"href":"https:\/\/www.semanticmountain.at\/en\/wp-json\/wp\/v2\/pages"}],"about":[{"href":"https:\/\/www.semanticmountain.at\/en\/wp-json\/wp\/v2\/types\/page"}],"author":[{"embeddable":true,"href":"https:\/\/www.semanticmountain.at\/en\/wp-json\/wp\/v2\/users\/1"}],"replies":[{"embeddable":true,"href":"https:\/\/www.semanticmountain.at\/en\/wp-json\/wp\/v2\/comments?post=319"}],"version-history":[{"count":8,"href":"https:\/\/www.semanticmountain.at\/en\/wp-json\/wp\/v2\/pages\/319\/revisions"}],"predecessor-version":[{"id":596,"href":"https:\/\/www.semanticmountain.at\/en\/wp-json\/wp\/v2\/pages\/319\/revisions\/596"}],"wp:attachment":[{"href":"https:\/\/www.semanticmountain.at\/en\/wp-json\/wp\/v2\/media?parent=319"}],"curies":[{"name":"wp","href":"https:\/\/api.w.org\/{rel}","templated":true}]}}