{"id":228,"date":"2020-02-24T20:51:11","date_gmt":"2020-02-24T20:51:11","guid":{"rendered":"http:\/\/www.semanticmountain.at\/?page_id=228"},"modified":"2020-03-11T10:49:16","modified_gmt":"2020-03-11T10:49:16","slug":"gerhard-rampl","status":"publish","type":"page","link":"https:\/\/www.semanticmountain.at\/en\/gerhard-rampl\/","title":{"rendered":"Gerhard Rampl"},"content":{"rendered":"\n<h2>Zur Person<\/h2>\n\n\n\n<p><a href=\"http:\/\/sprawi.at\/de\/content\/gerhard-rampl\">Universit\u00e4ts-Website<\/a><br><a href=\"http:\/\/onomastik.at\/content\/gerhard-rampl\">Onomastik.at<\/a><br><a href=\"http:\/\/uibk.academia.edu\/GerhardRampl\">Academia.edu<\/a><br><a href=\"https:\/\/www.researchgate.net\/profile\/Gerhard_Rampl\">ResearchGate<\/a><br><a href=\"https:\/\/orcid.org\/0000-0001-9333-922X\">ORCID<\/a><br><a href=\"http:\/\/www.stagn.de\/SharedDocs\/Personen_DGSD\/DE\/Dr.%20Gerhard%20Rampl.html\">StAGN<\/a><\/p>\n\n\n\n<div class=\"wp-block-image\"><figure class=\"alignright size-large is-resized\"><img src=\"http:\/\/www.semanticmountain.at\/wp-content\/uploads\/2020\/03\/rerhardgrampl-1024x768.jpg\" alt=\"\" class=\"wp-image-539\" width=\"116\" srcset=\"https:\/\/www.semanticmountain.at\/wp-content\/uploads\/2020\/03\/rerhardgrampl-1024x768.jpg 1024w, https:\/\/www.semanticmountain.at\/wp-content\/uploads\/2020\/03\/rerhardgrampl-300x225.jpg 300w, https:\/\/www.semanticmountain.at\/wp-content\/uploads\/2020\/03\/rerhardgrampl-768x576.jpg 768w, https:\/\/www.semanticmountain.at\/wp-content\/uploads\/2020\/03\/rerhardgrampl-1536x1152.jpg 1536w, https:\/\/www.semanticmountain.at\/wp-content\/uploads\/2020\/03\/rerhardgrampl-2048x1536.jpg 2048w\" sizes=\"(max-width: 1024px) 100vw, 1024px\" \/><\/figure><\/div>\n\n\n\n<h2>Aktuelle Projekte<\/h2>\n\n\n\n<p>seit 2020:  GRenz\u00fcberschreitendes Alpenvereins-Textarchiv <br>seit 2020: DONSE &#8211;  Daten neu verkn\u00fcpfen: ontologische und semantische Transformationen der Inventare-Datenbank &#8216;RaumOrdnungen&#8217; f\u00fcr das gemeinsame INVENTARIA-FWF-Projekt und zur Vorbereitung f\u00fcr den Ingest in das dhPLUS -Repository<br><br><\/p>\n\n\n\n<h2>Spezialgebiete<\/h2>\n\n\n\n<ul><li>Onomastik<\/li><li>Geographische Informationssysteme (GIS)<\/li><li>Korpuslinguistik und Korpus-Building<\/li><li>Interaktionale Onomastik<\/li><li>Neue Medien<\/li><\/ul>\n\n\n\n<p><\/p>\n","protected":false},"excerpt":{"rendered":"<p>Zur Person Universit\u00e4ts-WebsiteOnomastik.atAcademia.eduResearchGateORCIDStAGN Aktuelle Projekte seit 2020: GRenz\u00fcberschreitendes Alpenvereins-Textarchiv seit 2020: DONSE &#8211; Daten neu verkn\u00fcpfen: ontologische und semantische Transformationen der Inventare-Datenbank &#8216;RaumOrdnungen&#8217; f\u00fcr das gemeinsame INVENTARIA-FWF-Projekt und zur Vorbereitung f\u00fcr den Ingest in das dhPLUS -Repository Spezialgebiete Onomastik Geographische Informationssysteme (GIS) Korpuslinguistik und Korpus-Building Interaktionale Onomastik Neue Medien<\/p>\n","protected":false},"author":1,"featured_media":0,"parent":0,"menu_order":0,"comment_status":"closed","ping_status":"closed","template":"","meta":[],"translation":{"provider":"WPGlobus","version":"3.0.0","language":"en","enabled_languages":["de","en"],"languages":{"de":{"title":true,"content":true,"excerpt":false},"en":{"title":false,"content":false,"excerpt":false}}},"_links":{"self":[{"href":"https:\/\/www.semanticmountain.at\/en\/wp-json\/wp\/v2\/pages\/228"}],"collection":[{"href":"https:\/\/www.semanticmountain.at\/en\/wp-json\/wp\/v2\/pages"}],"about":[{"href":"https:\/\/www.semanticmountain.at\/en\/wp-json\/wp\/v2\/types\/page"}],"author":[{"embeddable":true,"href":"https:\/\/www.semanticmountain.at\/en\/wp-json\/wp\/v2\/users\/1"}],"replies":[{"embeddable":true,"href":"https:\/\/www.semanticmountain.at\/en\/wp-json\/wp\/v2\/comments?post=228"}],"version-history":[{"count":5,"href":"https:\/\/www.semanticmountain.at\/en\/wp-json\/wp\/v2\/pages\/228\/revisions"}],"predecessor-version":[{"id":541,"href":"https:\/\/www.semanticmountain.at\/en\/wp-json\/wp\/v2\/pages\/228\/revisions\/541"}],"wp:attachment":[{"href":"https:\/\/www.semanticmountain.at\/en\/wp-json\/wp\/v2\/media?parent=228"}],"curies":[{"name":"wp","href":"https:\/\/api.w.org\/{rel}","templated":true}]}}