{"id":20,"date":"2020-02-21T12:02:28","date_gmt":"2020-02-21T12:02:28","guid":{"rendered":"http:\/\/www.semanticmountain.at\/?page_id=20"},"modified":"2020-02-24T21:18:10","modified_gmt":"2020-02-24T21:18:10","slug":"kontakt","status":"publish","type":"page","link":"https:\/\/www.semanticmountain.at\/en\/kontakt\/","title":{"rendered":"Team"},"content":{"rendered":"\n<p> Im Team von Sem4MountHist arbeiten Forscher*innen aus unterschiedlichen Disziplinen wie Geographie, Linguistik, Informatik u.a., fach\u00fcbergreifend zusammen. Wir sind verbunden mit Forschungsnetzwerken im In- und Ausland und &#8230;. <\/p>\n\n\n\n<p><strong>Projektleitung\/Co-Antragsteller*innen:<\/strong><br>Mag. Dr. Gerald HIEBEL, <a href=\"https:\/\/www.uibk.ac.at\/geometrie-vermessung\/\">Arbeitsbereich Vermessung und GEOinformation<\/a>, <a href=\"https:\/\/www.uibk.ac.at\/\">Leopold-Franzens-Universit\u00e4t Innsbruck<\/a><br>Mag. Dr. Gerhard Rampl, <a href=\"http:\/\/sprawi.at\/\">Bereich Sprachwissenschaft<\/a>, <a href=\"https:\/\/www.uibk.ac.at\/sprachen-literaturen\/\">Institut f\u00fcr Sprachen und Literaturen<\/a>,  <a href=\"https:\/\/www.uibk.ac.at\/\">Leopold-Franzens-Universit\u00e4t Innsbruck<\/a><br>Mag. Dr. Claudia Posch,   <a href=\"http:\/\/sprawi.at\/\">Bereich Sprachwissenschaft<\/a>, <a href=\"https:\/\/www.uibk.ac.at\/sprachen-literaturen\/\">Institut f\u00fcr Sprachen und Literaturen<\/a>,  <a href=\"https:\/\/www.uibk.ac.at\/\">Leopold-Franzens-Universit\u00e4t Innsbruck <\/a> <br><\/p>\n\n\n\n<p><strong>Projektmitarbeiterinnen:<\/strong>  <a href=\"http:\/\/sprawi.at\/node\/14\">Elisabeth Gruber<\/a>,&nbsp;Andrea Mussmann, <a href=\"https:\/\/dbis-informatik.uibk.ac.at\/zangerle\">Eva Zangerle<\/a>&nbsp;(<a href=\"https:\/\/dbis-informatik.uibk.ac.at\/\">Databases and Information Systems<\/a>) <\/p>\n\n\n\n<div style=\"height:100px\" aria-hidden=\"true\" class=\"wp-block-spacer\"><\/div>\n\n\n<div class=\"wpforms-container wpforms-container-full wpforms-block\" id=\"wpforms-95\"><form id=\"wpforms-form-95\" class=\"wpforms-validate wpforms-form\" data-formid=\"95\" method=\"post\" enctype=\"multipart\/form-data\" action=\"\/en\/wp-json\/wp\/v2\/pages\/20\" data-token=\"82265dbda078486899cd8b3767a96e49\" data-token-time=\"1776712291\"><noscript class=\"wpforms-error-noscript\">Please enable JavaScript in your browser to complete this form.<\/noscript><div class=\"wpforms-field-container\"><div id=\"wpforms-95-field_0-container\" class=\"wpforms-field wpforms-field-name\" data-field-id=\"0\"><label class=\"wpforms-field-label\">Name <span class=\"wpforms-required-label\">*<\/span><\/label><div class=\"wpforms-field-row wpforms-field-medium\"><div class=\"wpforms-field-row-block wpforms-first wpforms-one-half\"><input type=\"text\" id=\"wpforms-95-field_0\" class=\"wpforms-field-name-first wpforms-field-required\" name=\"wpforms[fields][0][first]\" required><label for=\"wpforms-95-field_0\" class=\"wpforms-field-sublabel after\">First<\/label><\/div><div class=\"wpforms-field-row-block wpforms-one-half\"><input type=\"text\" id=\"wpforms-95-field_0-last\" class=\"wpforms-field-name-last wpforms-field-required\" name=\"wpforms[fields][0][last]\" required><label for=\"wpforms-95-field_0-last\" class=\"wpforms-field-sublabel after\">Last<\/label><\/div><\/div><\/div><div id=\"wpforms-95-field_1-container\" class=\"wpforms-field wpforms-field-email\" data-field-id=\"1\"><label class=\"wpforms-field-label\" for=\"wpforms-95-field_1\">E-Mail <span class=\"wpforms-required-label\">*<\/span><\/label><input type=\"email\" id=\"wpforms-95-field_1\" class=\"wpforms-field-medium wpforms-field-required\" name=\"wpforms[fields][1]\" spellcheck=\"false\" required><\/div><div id=\"wpforms-95-field_2-container\" class=\"wpforms-field wpforms-field-textarea\" data-field-id=\"2\"><label class=\"wpforms-field-label\" for=\"wpforms-95-field_2\">Kommentar oder Nachricht <span class=\"wpforms-required-label\">*<\/span><\/label><textarea id=\"wpforms-95-field_2\" class=\"wpforms-field-medium wpforms-field-required\" name=\"wpforms[fields][2]\" required><\/textarea><\/div><\/div><!-- .wpforms-field-container --><div class=\"wpforms-field wpforms-field-hp\"><label for=\"wpforms-95-field-hp\" class=\"wpforms-field-label\">Phone<\/label><input type=\"text\" name=\"wpforms[hp]\" id=\"wpforms-95-field-hp\" class=\"wpforms-field-medium\"><\/div><div class=\"wpforms-submit-container\" ><input type=\"hidden\" name=\"wpforms[id]\" value=\"95\"><input type=\"hidden\" name=\"page_title\" value=\"\"><input type=\"hidden\" name=\"page_url\" value=\"https:\/\/www.semanticmountain.at\/en\/wp-json\/wp\/v2\/pages\/20\"><input type=\"hidden\" name=\"url_referer\" value=\"\"><button type=\"submit\" name=\"wpforms[submit]\" id=\"wpforms-submit-95\" class=\"wpforms-submit\" data-alt-text=\"Senden...\" data-submit-text=\"Absenden\" aria-live=\"assertive\" value=\"wpforms-submit\">Absenden<\/button><\/div><\/form><\/div>  <!-- .wpforms-container -->","protected":false},"excerpt":{"rendered":"<p>Im Team von Sem4MountHist arbeiten Forscher*innen aus unterschiedlichen Disziplinen wie Geographie, Linguistik, Informatik u.a., fach\u00fcbergreifend zusammen. Wir sind verbunden mit Forschungsnetzwerken im In- und Ausland und &#8230;. Projektleitung\/Co-Antragsteller*innen:Mag. Dr. Gerald HIEBEL, Arbeitsbereich Vermessung und GEOinformation, Leopold-Franzens-Universit\u00e4t InnsbruckMag. Dr. Gerhard Rampl, Bereich Sprachwissenschaft, Institut f\u00fcr Sprachen und Literaturen, Leopold-Franzens-Universit\u00e4t InnsbruckMag. Dr. Claudia Posch, Bereich Sprachwissenschaft, Institut [&hellip;]<\/p>\n","protected":false},"author":1,"featured_media":0,"parent":0,"menu_order":0,"comment_status":"closed","ping_status":"closed","template":"","meta":[],"translation":{"provider":"WPGlobus","version":"3.0.0","language":"en","enabled_languages":["de","en"],"languages":{"de":{"title":true,"content":true,"excerpt":false},"en":{"title":false,"content":false,"excerpt":false}}},"_links":{"self":[{"href":"https:\/\/www.semanticmountain.at\/en\/wp-json\/wp\/v2\/pages\/20"}],"collection":[{"href":"https:\/\/www.semanticmountain.at\/en\/wp-json\/wp\/v2\/pages"}],"about":[{"href":"https:\/\/www.semanticmountain.at\/en\/wp-json\/wp\/v2\/types\/page"}],"author":[{"embeddable":true,"href":"https:\/\/www.semanticmountain.at\/en\/wp-json\/wp\/v2\/users\/1"}],"replies":[{"embeddable":true,"href":"https:\/\/www.semanticmountain.at\/en\/wp-json\/wp\/v2\/comments?post=20"}],"version-history":[{"count":6,"href":"https:\/\/www.semanticmountain.at\/en\/wp-json\/wp\/v2\/pages\/20\/revisions"}],"predecessor-version":[{"id":237,"href":"https:\/\/www.semanticmountain.at\/en\/wp-json\/wp\/v2\/pages\/20\/revisions\/237"}],"wp:attachment":[{"href":"https:\/\/www.semanticmountain.at\/en\/wp-json\/wp\/v2\/media?parent=20"}],"curies":[{"name":"wp","href":"https:\/\/api.w.org\/{rel}","templated":true}]}}